{"id":5445,"date":"2026-02-28T14:32:59","date_gmt":"2026-02-28T14:32:59","guid":{"rendered":"https:\/\/hoofoliucare.com\/?page_id=5445"},"modified":"2026-02-28T14:33:00","modified_gmt":"2026-02-28T14:33:00","slug":"credits","status":"publish","type":"page","link":"https:\/\/hoofoliucare.com\/en\/credits\/","title":{"rendered":"Credits"},"content":{"rendered":"<h1 class=\"wp-block-heading\">Credits from the website HoofoliuCare.com<\/h1>\n\n\n\n<p>The site <strong>HoofoliuCare.com<\/strong> was designed and developed by <a href=\"https:\/\/www.limbus.fr\/\" target=\"_blank\" rel=\"noreferrer noopener\">Limbus Studio<\/a>, agency specializing in WordPress and WooCommerce.<\/p>\n\n\n\n<p>Services provided within the framework of this project:<\/p>\n\n\n\n<ul class=\"wp-block-list\">\n<li><a href=\"https:\/\/www.limbus.fr\/offre-et-forfait-de-contrat-maintenance-wordpress\/\" target=\"_blank\" rel=\"noreferrer noopener\">WordPress Maintenance<\/a> to ensure CMS updates, extensions and technical security.<\/li>\n\n\n\n<li><a href=\"https:\/\/wordpress.limbus.fr\/4-maintenance-wordpress-woocommerce\/\" target=\"_blank\" rel=\"noreferrer noopener\">WooCommerce Ongoing Maintenance<\/a> in order to support the evolution of functionalities and the adaptation of the online store.<\/li>\n\n\n\n<li><a href=\"https:\/\/www.limbus.fr\/agence-digitale-wordpress-et-woocommerce\/refonte-site-wordpress-woocommerce\/\" target=\"_blank\" rel=\"noreferrer noopener\">WordPress redesign and development<\/a> to organize content, optimize structure and improve product catalog management.<\/li>\n\n\n\n<li><a href=\"https:\/\/wordpress.limbus.fr\/services-wp\/optimisation-performances-core-web-vitals-wordpress-woocommerce-pagespeed-insights\/\" target=\"_blank\" rel=\"noreferrer noopener\">Performance optimization<\/a> aiming to improve loading times and ensure compliance with technical standards (Core Web Vitals).<\/li>\n<\/ul>\n\n\n\n<p>The project incorporated solutions tailored to an international e-commerce site, with attention paid to product presentation, navigation and technical stability.<\/p>\n\n\n\n<p>The texts, images, and graphic elements on this site are protected by copyright. Some visuals come from royalty-free image banks, in accordance with applicable licenses.<\/p>","protected":false},"excerpt":{"rendered":"<p>Cr\u00e9dits du site HoofoliuCare.com Le site HoofoliuCare.com a \u00e9t\u00e9 con\u00e7u et d\u00e9velopp\u00e9 par Limbus Studio, agence sp\u00e9cialis\u00e9e WordPress et WooCommerce. Prestations r\u00e9alis\u00e9es dans le cadre de ce projet : Le projet a int\u00e9gr\u00e9 des solutions adapt\u00e9es \u00e0 un site e-commerce international, avec une attention port\u00e9e \u00e0 la pr\u00e9sentation des produits, \u00e0 la navigation et \u00e0 [&hellip;]<\/p>\n","protected":false},"author":87,"featured_media":0,"parent":0,"menu_order":0,"comment_status":"closed","ping_status":"closed","template":"","meta":{"_seopress_robots_primary_cat":"","_seopress_titles_title":"","_seopress_titles_desc":"","_seopress_robots_index":"","inline_featured_image":false,"footnotes":""},"class_list":["post-5445","page","type-page","status-publish","hentry"],"_links":{"self":[{"href":"https:\/\/hoofoliucare.com\/en\/wp-json\/wp\/v2\/pages\/5445","targetHints":{"allow":["GET"]}}],"collection":[{"href":"https:\/\/hoofoliucare.com\/en\/wp-json\/wp\/v2\/pages"}],"about":[{"href":"https:\/\/hoofoliucare.com\/en\/wp-json\/wp\/v2\/types\/page"}],"author":[{"embeddable":true,"href":"https:\/\/hoofoliucare.com\/en\/wp-json\/wp\/v2\/users\/87"}],"replies":[{"embeddable":true,"href":"https:\/\/hoofoliucare.com\/en\/wp-json\/wp\/v2\/comments?post=5445"}],"version-history":[{"count":0,"href":"https:\/\/hoofoliucare.com\/en\/wp-json\/wp\/v2\/pages\/5445\/revisions"}],"wp:attachment":[{"href":"https:\/\/hoofoliucare.com\/en\/wp-json\/wp\/v2\/media?parent=5445"}],"curies":[{"name":"wp","href":"https:\/\/api.w.org\/{rel}","templated":true}]}}